{"id":48,"date":"2024-11-22T01:35:54","date_gmt":"2024-11-22T01:35:54","guid":{"rendered":"https:\/\/demo.casethemes.net\/garseo\/?page_id=48"},"modified":"2026-03-03T19:03:06","modified_gmt":"2026-03-03T16:03:06","slug":"iletisim","status":"publish","type":"page","link":"https:\/\/www.mertyildizdijital.com.tr\/en\/iletisim\/","title":{"rendered":"Contact"},"content":{"rendered":"<div data-elementor-type=\"wp-page\" data-elementor-id=\"48\" class=\"elementor elementor-48\">\n\t\t\t\t<div class=\"elementor-element elementor-element-b4bd83d e-flex e-con-boxed e-con e-parent\" data-id=\"b4bd83d\" data-element_type=\"container\">\t\t\t<div class=\"e-con-inner\">\r\n\t\t<div class=\"elementor-element elementor-element-0d06b34 e-flex e-con-boxed e-con e-child\" data-id=\"0d06b34\" data-element_type=\"container\" data-settings=\"{&quot;background_background&quot;:&quot;classic&quot;}\">\t\t\t<div class=\"e-con-inner\">\r\n\t\t<div class=\"elementor-element elementor-element-30ffab1 e-con-full e-flex e-con e-child\" data-id=\"30ffab1\" data-element_type=\"container\"><div class=\"elementor-element elementor-element-fbc23f8 e-con-full e-flex elementor-invisible e-con e-child\" data-id=\"fbc23f8\" data-element_type=\"container\" data-settings=\"{&quot;background_background&quot;:&quot;classic&quot;,&quot;animation&quot;:&quot;fadeInUp&quot;}\">\t\t<div class=\"elementor-element elementor-element-4819070 elementor-widget__width-initial elementor-widget-mobile__width-inherit elementor-widget elementor-widget-pxl_heading\" data-id=\"4819070\" data-element_type=\"widget\" data-widget_type=\"pxl_heading.default\">\n\t\t\t\t<div class=\"elementor-widget-container\">\n\t\t\t\t\t\n<div id=\"pxl-pxl_heading-4819070-5203\" class=\"pxl-heading px-sub-title-default-style\">\n\t<div class=\"pxl-heading--inner\">\n\t\t\n\t\t<h3 class=\"pxl-item--title style-default color  highlight-default\" data-wow-delay=\"ms\">\n\t\t\t\t\tLet\u2019s Schedule a Meeting!\t\n\t\t\t\n\t\t<\/h3>\n\t\t\n\t<\/div>\n<\/div>\t\t\t\t<\/div>\n\t\t\t\t<\/div>\n\t\t\t\t<div class=\"elementor-element elementor-element-414413e elementor-widget__width-initial elementor-widget-mobile__width-inherit elementor-widget elementor-widget-pxl_text_editor\" data-id=\"414413e\" data-element_type=\"widget\" data-widget_type=\"pxl_text_editor.default\">\n\t\t\t\t<div class=\"elementor-widget-container\">\n\t\t\t\t\t<div class=\"pxl-text-editor default\">\n\t<div class=\"pxl-item--inner\" data-wow-delay=\"ms\">\n\t\t<p>Let\u2019s schedule a meeting right away to boost your small business\u2019s digital marketing performance.\u00a0<\/p>\t\t\n\t<\/div>\n<\/div>\t\t\t\t<\/div>\n\t\t\t\t<\/div>\n\t\t\t\t<div class=\"elementor-element elementor-element-f81941e elementor-widget__width-initial elementor-widget-mobile__width-inherit elementor-widget elementor-widget-pxl_contact_form\" data-id=\"f81941e\" data-element_type=\"widget\" data-widget_type=\"pxl_contact_form.default\">\n\t\t\t\t<div class=\"elementor-widget-container\">\n\t\t\t\t\t    <div class=\"pxl-contact-form pxl-contact-form1 btn-w-auto\" data-wow-delay=\"ms\">\r\n        \n<div class=\"wpcf7 no-js\" id=\"wpcf7-f1152-o1\" lang=\"en-US\" dir=\"ltr\" data-wpcf7-id=\"1152\">\n<div class=\"screen-reader-response\"><p role=\"status\" aria-live=\"polite\" aria-atomic=\"true\"><\/p> <ul><\/ul><\/div>\n<form action=\"\/en\/wp-json\/wp\/v2\/pages\/48#wpcf7-f1152-o1\" method=\"post\" class=\"wpcf7-form init\" aria-label=\"Contact form\" novalidate=\"novalidate\" data-status=\"init\" data-trp-original-action=\"\/en\/wp-json\/wp\/v2\/pages\/48#wpcf7-f1152-o1\">\n<fieldset class=\"hidden-fields-container\"><input type=\"hidden\" name=\"_wpcf7\" value=\"1152\" \/><input type=\"hidden\" name=\"_wpcf7_version\" value=\"6.1.5\" \/><input type=\"hidden\" name=\"_wpcf7_locale\" value=\"en_US\" \/><input type=\"hidden\" name=\"_wpcf7_unit_tag\" value=\"wpcf7-f1152-o1\" \/><input type=\"hidden\" name=\"_wpcf7_container_post\" value=\"0\" \/><input type=\"hidden\" name=\"_wpcf7_posted_data_hash\" value=\"\" \/><input type=\"hidden\" name=\"_wpcf7_recaptcha_response\" value=\"\" \/>\n<\/fieldset>\n<div class=\"form-row\">\n\t<div class=\"form-group\">\n\t\t<p><label><br \/>\n<span class=\"label-text\">First Name - Last Name *<\/span><br \/>\n<span class=\"wpcf7-form-control-wrap\" data-name=\"your-name\"><input size=\"40\" maxlength=\"400\" class=\"wpcf7-form-control wpcf7-text wpcf7-validates-as-required oval-input\" aria-required=\"true\" aria-invalid=\"false\" placeholder=\"First Name Last Name\" value=\"\" type=\"text\" name=\"your-name\" \/><\/span><br \/>\n<\/label>\n\t\t<\/p>\n\t<\/div>\n\t<div class=\"form-group\">\n\t\t<p><label><br \/>\n<span class=\"label-text\">Phone Number *<\/span><br \/>\n<span class=\"wpcf7-form-control-wrap\" data-name=\"your-tel\"><input size=\"40\" maxlength=\"400\" class=\"wpcf7-form-control wpcf7-tel wpcf7-validates-as-required wpcf7-text wpcf7-validates-as-tel oval-input\" aria-required=\"true\" aria-invalid=\"false\" placeholder=\"Phone Number *\" value=\"\" type=\"tel\" name=\"your-tel\" \/><\/span><br \/>\n<\/label>\n\t\t<\/p>\n\t<\/div>\n<\/div>\n<div class=\"form-row\">\n\t<div class=\"form-group\">\n\t\t<p><label><br \/>\n<span class=\"label-text\">Industry<\/span><br \/>\n<span class=\"wpcf7-form-control-wrap\" data-name=\"your-sector\"><input size=\"40\" maxlength=\"400\" class=\"wpcf7-form-control wpcf7-text oval-input\" aria-invalid=\"false\" placeholder=\"What industry are you in?\" value=\"\" type=\"text\" name=\"your-sector\" \/><\/span><br \/>\n<\/label>\n\t\t<\/p>\n\t<\/div>\n\t<div class=\"form-group\">\n\t\t<p><label><br \/>\n<span class=\"label-text\">Service You Wish to Receive *<\/span><br \/>\n<span class=\"wpcf7-form-control-wrap\" data-name=\"your-service\"><input size=\"40\" maxlength=\"400\" class=\"wpcf7-form-control wpcf7-text wpcf7-validates-as-required oval-input\" aria-required=\"true\" aria-invalid=\"false\" placeholder=\"Enter Your Service (e.g., SEO Service)\" value=\"\" type=\"text\" name=\"your-service\" \/><\/span><br \/>\n<\/label>\n\t\t<\/p>\n\t<\/div>\n<\/div>\n<div class=\"form-submit-group\">\n\t<p><input class=\"wpcf7-form-control wpcf7-submit has-spinner oval-button\" type=\"submit\" value=\"SEND\" \/>\n\t<\/p>\n<\/div><div class=\"wpcf7-response-output\" aria-hidden=\"true\"><\/div>\n<input type=\"hidden\" name=\"trp-form-language\" value=\"en\"\/><\/form>\n<\/div>\n        <div id=\"qrcode\" class=\"hide-qr\"><\/div>\r\n    <\/div>\r\n\t\t\t\t<\/div>\n\t\t\t\t<\/div>\n\t\t\t\t<\/div>\r\n\t\t<div class=\"elementor-element elementor-element-9dcd204 e-con-full e-flex e-con e-child\" data-id=\"9dcd204\" data-element_type=\"container\">\t\t<div class=\"elementor-element elementor-element-bce711b elementor-widget elementor-widget-spacer\" data-id=\"bce711b\" data-element_type=\"widget\" data-widget_type=\"spacer.default\">\n\t\t\t\t<div class=\"elementor-widget-container\">\n\t\t\t\t\t\t\t<div class=\"elementor-spacer\">\n\t\t\t<div class=\"elementor-spacer-inner\"><\/div>\n\t\t<\/div>\n\t\t\t\t\t\t<\/div>\n\t\t\t\t<\/div>\n\t\t\t\t<div class=\"elementor-element elementor-element-b20dff2 elementor-widget__width-initial custom-space-ff elementor-widget elementor-widget-spacer\" data-id=\"b20dff2\" data-element_type=\"widget\" data-widget_type=\"spacer.default\">\n\t\t\t\t<div class=\"elementor-widget-container\">\n\t\t\t\t\t\t\t<div class=\"elementor-spacer\">\n\t\t\t<div class=\"elementor-spacer-inner\"><\/div>\n\t\t<\/div>\n\t\t\t\t\t\t<\/div>\n\t\t\t\t<\/div>\n\t\t\t\t<\/div>\r\n\t\t\t\t<\/div>\r\n\t\t<div class=\"elementor-element elementor-element-f86f39e e-con-full e-flex e-con e-child\" data-id=\"f86f39e\" data-element_type=\"container\"><div class=\"elementor-element elementor-element-9099fbb e-con-full e-flex e-con e-child\" data-id=\"9099fbb\" data-element_type=\"container\">\t\t<div class=\"elementor-element elementor-element-0ce2c0c elementor-widget elementor-widget-pxl_heading\" data-id=\"0ce2c0c\" data-element_type=\"widget\" data-widget_type=\"pxl_heading.default\">\n\t\t\t\t<div class=\"elementor-widget-container\">\n\t\t\t\t\t\n<div id=\"pxl-pxl_heading-0ce2c0c-1220\" class=\"pxl-heading px-sub-title-dot line-style\">\n\t<div class=\"pxl-heading--inner\">\n\t\t\t\t\t<div class=\"pxl-item--subtitle px-sub-title-dot line\" data-wow-delay=\"ms\">\n\t\t\t\t<span class=\"pxl-item--subtext\">\n\t\t\t\t\t\t\t\t\t\tCONTACT\t\t\t\t<\/span>\n\t\t\t<\/div>\n\t\t\n\t\t<h3 class=\"pxl-item--title style-default color  highlight-default\" data-wow-delay=\"ms\">\n\t\t\t\t\tLet\u2019s Talk About             <span class=\"pxl-title--highlight\">\n                Digital Marketing            <\/span>\n           \t\n\t\t\t\n\t\t<\/h3>\n\t\t\n\t<\/div>\n<\/div>\t\t\t\t<\/div>\n\t\t\t\t<\/div>\n\t\t\t\t<\/div>\r\n\t\t\t\t<\/div>\r\n\t\t\t\t\t<\/div>\r\n\t\t\t\t<\/div>\r\n\t\t\t\t\t<\/div>\r\n\t\t\t\t<\/div>\r\n\t\t\t\t<\/div>","protected":false},"excerpt":{"rendered":"<p>Toplant\u0131 Planlayal\u0131m! KOB\u0130&#8217;nizin dijital pazarlama performans\u0131n\u0131 artt\u0131rmak i\u00e7in hemen toplant\u0131 planlayal\u0131m.\u00a0 \u0130sim &#8211; Soyisim * Telefon Numaras\u0131 * Sekt\u00f6r Almak \u0130stedi\u011finiz Hizmet * \u0130LET\u0130\u015e\u0130M Hadi biraz Dijital Pazarlama konu\u015fal\u0131m<\/p>","protected":false},"author":1,"featured_media":0,"parent":0,"menu_order":0,"comment_status":"closed","ping_status":"closed","template":"","meta":{"footnotes":""},"class_list":["post-48","page","type-page","status-publish","hentry"],"_links":{"self":[{"href":"https:\/\/www.mertyildizdijital.com.tr\/en\/wp-json\/wp\/v2\/pages\/48","targetHints":{"allow":["GET"]}}],"collection":[{"href":"https:\/\/www.mertyildizdijital.com.tr\/en\/wp-json\/wp\/v2\/pages"}],"about":[{"href":"https:\/\/www.mertyildizdijital.com.tr\/en\/wp-json\/wp\/v2\/types\/page"}],"author":[{"embeddable":true,"href":"https:\/\/www.mertyildizdijital.com.tr\/en\/wp-json\/wp\/v2\/users\/1"}],"replies":[{"embeddable":true,"href":"https:\/\/www.mertyildizdijital.com.tr\/en\/wp-json\/wp\/v2\/comments?post=48"}],"version-history":[{"count":23,"href":"https:\/\/www.mertyildizdijital.com.tr\/en\/wp-json\/wp\/v2\/pages\/48\/revisions"}],"predecessor-version":[{"id":10177,"href":"https:\/\/www.mertyildizdijital.com.tr\/en\/wp-json\/wp\/v2\/pages\/48\/revisions\/10177"}],"wp:attachment":[{"href":"https:\/\/www.mertyildizdijital.com.tr\/en\/wp-json\/wp\/v2\/media?parent=48"}],"curies":[{"name":"wp","href":"https:\/\/api.w.org\/{rel}","templated":true}]}}