{"id":49,"date":"2024-11-22T01:35:50","date_gmt":"2024-11-22T01:35:50","guid":{"rendered":"https:\/\/demo.casethemes.net\/garseo\/?page_id=49"},"modified":"2026-04-03T15:54:52","modified_gmt":"2026-04-03T12:54:52","slug":"hakkimda","status":"publish","type":"page","link":"https:\/\/www.mertyildizdijital.com.tr\/en\/hakkimda\/","title":{"rendered":"About me"},"content":{"rendered":"<div data-elementor-type=\"wp-page\" data-elementor-id=\"49\" class=\"elementor elementor-49\">\n\t\t\t\t<div class=\"elementor-element elementor-element-38a3057 e-flex e-con-boxed e-con e-parent\" data-id=\"38a3057\" data-element_type=\"container\">\t\t\t<div class=\"e-con-inner\">\r\n\t\t<div class=\"elementor-element elementor-element-60e702f e-con-full e-flex e-con e-child\" data-id=\"60e702f\" data-element_type=\"container\">\t\t<div class=\"elementor-element elementor-element-eb66f4f elementor-widget__width-initial elementor-widget elementor-widget-image\" data-id=\"eb66f4f\" data-element_type=\"widget\" data-widget_type=\"image.default\">\n\t\t\t\t<div class=\"elementor-widget-container\">\n\t\t\t\t\t\t\t\t\t\t\t\t\t\t\t<img fetchpriority=\"high\" decoding=\"async\" width=\"1024\" height=\"1024\" src=\"https:\/\/www.mertyildizdijital.com.tr\/wp-content\/uploads\/2025\/06\/dijital-pazarlama-uzmani-mert-yildiz-1024x1024.jpg\" class=\"attachment-large size-large wp-image-9410\" alt=\"\" srcset=\"https:\/\/www.mertyildizdijital.com.tr\/wp-content\/uploads\/2025\/06\/dijital-pazarlama-uzmani-mert-yildiz-1024x1024.jpg 1024w, https:\/\/www.mertyildizdijital.com.tr\/wp-content\/uploads\/2025\/06\/dijital-pazarlama-uzmani-mert-yildiz-300x300.jpg 300w, https:\/\/www.mertyildizdijital.com.tr\/wp-content\/uploads\/2025\/06\/dijital-pazarlama-uzmani-mert-yildiz-150x150.jpg 150w, https:\/\/www.mertyildizdijital.com.tr\/wp-content\/uploads\/2025\/06\/dijital-pazarlama-uzmani-mert-yildiz-768x768.jpg 768w, https:\/\/www.mertyildizdijital.com.tr\/wp-content\/uploads\/2025\/06\/dijital-pazarlama-uzmani-mert-yildiz-60x60.jpg 60w, https:\/\/www.mertyildizdijital.com.tr\/wp-content\/uploads\/2025\/06\/dijital-pazarlama-uzmani-mert-yildiz-80x80.jpg 80w, https:\/\/www.mertyildizdijital.com.tr\/wp-content\/uploads\/2025\/06\/dijital-pazarlama-uzmani-mert-yildiz-100x100.jpg 100w, https:\/\/www.mertyildizdijital.com.tr\/wp-content\/uploads\/2025\/06\/dijital-pazarlama-uzmani-mert-yildiz-120x120.jpg 120w, https:\/\/www.mertyildizdijital.com.tr\/wp-content\/uploads\/2025\/06\/dijital-pazarlama-uzmani-mert-yildiz-140x140.jpg 140w, https:\/\/www.mertyildizdijital.com.tr\/wp-content\/uploads\/2025\/06\/dijital-pazarlama-uzmani-mert-yildiz-200x200.jpg 200w, https:\/\/www.mertyildizdijital.com.tr\/wp-content\/uploads\/2025\/06\/dijital-pazarlama-uzmani-mert-yildiz-360x360.jpg 360w, https:\/\/www.mertyildizdijital.com.tr\/wp-content\/uploads\/2025\/06\/dijital-pazarlama-uzmani-mert-yildiz-390x390.jpg 390w, https:\/\/www.mertyildizdijital.com.tr\/wp-content\/uploads\/2025\/06\/dijital-pazarlama-uzmani-mert-yildiz-460x460.jpg 460w, https:\/\/www.mertyildizdijital.com.tr\/wp-content\/uploads\/2025\/06\/dijital-pazarlama-uzmani-mert-yildiz-554x554.jpg 554w, https:\/\/www.mertyildizdijital.com.tr\/wp-content\/uploads\/2025\/06\/dijital-pazarlama-uzmani-mert-yildiz-710x710.jpg 710w, https:\/\/www.mertyildizdijital.com.tr\/wp-content\/uploads\/2025\/06\/dijital-pazarlama-uzmani-mert-yildiz-600x600.jpg 600w, https:\/\/www.mertyildizdijital.com.tr\/wp-content\/uploads\/2025\/06\/dijital-pazarlama-uzmani-mert-yildiz.jpg 1080w\" sizes=\"(max-width: 1024px) 100vw, 1024px\" \/>\t\t\t\t\t\t\t\t\t\t\t\t\t\t\t<\/div>\n\t\t\t\t<\/div>\n\t\t\t\t<\/div>\r\n\t\t<div class=\"elementor-element elementor-element-10dd5e3 e-con-full e-flex e-con e-child\" data-id=\"10dd5e3\" data-element_type=\"container\">\t\t<div class=\"elementor-element elementor-element-0e25627 elementor-widget__width-initial elementor-invisible elementor-widget elementor-widget-pxl_heading\" data-id=\"0e25627\" data-element_type=\"widget\" data-settings=\"{&quot;_animation&quot;:&quot;fadeInRight&quot;}\" data-widget_type=\"pxl_heading.default\">\n\t\t\t\t<div class=\"elementor-widget-container\">\n\t\t\t\t\t\n<div id=\"pxl-pxl_heading-0e25627-4580\" class=\"pxl-heading px-sub-title-default-style\">\n\t<div class=\"pxl-heading--inner\">\n\t\t\t\t\t<div class=\"pxl-item--subtitle px-sub-title-default\" data-wow-delay=\"ms\">\n\t\t\t\t<span class=\"pxl-item--subtext\">\n\t\t\t\t\t\t\t\t\t\tDIGITAL MARKETING SPECIALIST\t\t\t\t<\/span>\n\t\t\t<\/div>\n\t\t\n\t\t<h2 class=\"pxl-item--title style-default color  highlight-default\" data-wow-delay=\"ms\">\n\t\t\t\t\tMERT  YILDIZ\t\n\t\t\t\n\t\t<\/h2>\n\t\t\n\t<\/div>\n<\/div>\t\t\t\t<\/div>\n\t\t\t\t<\/div>\n\t\t\t\t<div class=\"elementor-element elementor-element-2c96910 elementor-shape-circle e-grid-align-mobile-center elementor-widget-mobile__width-initial elementor-grid-0 e-grid-align-center elementor-widget elementor-widget-social-icons\" data-id=\"2c96910\" data-element_type=\"widget\" data-widget_type=\"social-icons.default\">\n\t\t\t\t<div class=\"elementor-widget-container\">\n\t\t\t\t\t\t\t<div class=\"elementor-social-icons-wrapper elementor-grid\" role=\"list\">\n\t\t\t\t\t\t\t<span class=\"elementor-grid-item\" role=\"listitem\">\n\t\t\t\t\t<a class=\"elementor-icon elementor-social-icon elementor-social-icon-instagram elementor-repeater-item-7803827\" href=\"https:\/\/www.instagram.com\/mertdijitalpazarlama\/\" target=\"_blank\" rel=\"noopener\">\n\t\t\t\t\t\t<span class=\"elementor-screen-only\">Instagram<\/span>\n\t\t\t\t\t\t<i class=\"fab fa-instagram\"><\/i>\t\t\t\t\t<\/a>\n\t\t\t\t<\/span>\n\t\t\t\t\t\t\t<span class=\"elementor-grid-item\" role=\"listitem\">\n\t\t\t\t\t<a class=\"elementor-icon elementor-social-icon elementor-social-icon-facebook elementor-repeater-item-c42861c\" href=\"https:\/\/www.facebook.com\/mertyildiz.space\" target=\"_blank\" rel=\"noopener\">\n\t\t\t\t\t\t<span class=\"elementor-screen-only\">Facebook<\/span>\n\t\t\t\t\t\t<i class=\"fab fa-facebook\"><\/i>\t\t\t\t\t<\/a>\n\t\t\t\t<\/span>\n\t\t\t\t\t<\/div>\n\t\t\t\t\t\t<\/div>\n\t\t\t\t<\/div>\n\t\t\t\t<\/div>\r\n\t\t\t\t\t<\/div>\r\n\t\t\t\t<\/div>\r\n\t\t<div class=\"elementor-element elementor-element-a8de3c2 e-flex e-con-boxed e-con e-parent\" data-id=\"a8de3c2\" data-element_type=\"container\">\t\t\t<div class=\"e-con-inner\">\r\n\t\t\t\t<div class=\"elementor-element elementor-element-9a34d48 elementor-widget__width-initial elementor-widget elementor-widget-text-editor\" data-id=\"9a34d48\" data-element_type=\"widget\" data-widget_type=\"text-editor.default\">\n\t\t\t\t<div class=\"elementor-widget-container\">\n\t\t\t\t\t\t\t\t\t<p class=\"translation-block\">I started my professional career in 2020 working for corporate companies, gaining experience in a wide range of industries, including ready-to-wear, medical devices, real estate, and education. In 2024, I founded my own consulting firm and have since provided strategic partnership services to hundreds of companies.\n\n<br>\n<br>\n\nStarting with Google and Instagram advertising, I have expanded my expertise over the past three years to include SEO strategies, creating an integrated service structure. With certifications from global platforms such as Google, Hootsuite, and LinkedIn, I have played an active role in both local and international markets.\n\n<br>\n<br>\n\nAs of 2026, I have optimized my service processes using AI-powered systems to enhance efficiency. In addition to my consulting activities, I am currently conducting individual R&amp;D work on advanced RAG (Retrieval-Augmented Generation) systems.<\/p>\t\t\t\t\t\t\t\t<\/div>\n\t\t\t\t<\/div>\n\t\t\t\t\t<\/div>\r\n\t\t\t\t<\/div>\r\n\t\t\t\t<\/div>","protected":false},"excerpt":{"rendered":"<p>D\u0130J\u0130TAL PAZARLAMA UZMANI MERT YILDIZ Instagram Facebook Profesyonel kariyerime 2020 y\u0131l\u0131nda kurumsal \u015firketler b\u00fcnyesinde; haz\u0131r giyim, medikal cihazlar, gayrimenkul ve e\u011fitim ba\u015fta olmak \u00fczere pek \u00e7ok farkl\u0131 sekt\u00f6rde deneyim kazanarak ba\u015flad\u0131m. 2024 y\u0131l\u0131nda kendi dan\u0131\u015fmanl\u0131k \u015firketimi kurarak bug\u00fcne kadar y\u00fczlerce firmaya stratejik \u00e7\u00f6z\u00fcm ortakl\u0131\u011f\u0131 sundum. Google ve Instagram reklamc\u0131l\u0131\u011f\u0131 ile ba\u015flad\u0131\u011f\u0131m uzmanl\u0131k alan\u0131ma, son \u00fc\u00e7 [&hellip;]<\/p>\n","protected":false},"author":1,"featured_media":0,"parent":0,"menu_order":0,"comment_status":"closed","ping_status":"closed","template":"","meta":{"footnotes":""},"class_list":["post-49","page","type-page","status-publish","hentry"],"_links":{"self":[{"href":"https:\/\/www.mertyildizdijital.com.tr\/en\/wp-json\/wp\/v2\/pages\/49","targetHints":{"allow":["GET"]}}],"collection":[{"href":"https:\/\/www.mertyildizdijital.com.tr\/en\/wp-json\/wp\/v2\/pages"}],"about":[{"href":"https:\/\/www.mertyildizdijital.com.tr\/en\/wp-json\/wp\/v2\/types\/page"}],"author":[{"embeddable":true,"href":"https:\/\/www.mertyildizdijital.com.tr\/en\/wp-json\/wp\/v2\/users\/1"}],"replies":[{"embeddable":true,"href":"https:\/\/www.mertyildizdijital.com.tr\/en\/wp-json\/wp\/v2\/comments?post=49"}],"version-history":[{"count":70,"href":"https:\/\/www.mertyildizdijital.com.tr\/en\/wp-json\/wp\/v2\/pages\/49\/revisions"}],"predecessor-version":[{"id":10358,"href":"https:\/\/www.mertyildizdijital.com.tr\/en\/wp-json\/wp\/v2\/pages\/49\/revisions\/10358"}],"wp:attachment":[{"href":"https:\/\/www.mertyildizdijital.com.tr\/en\/wp-json\/wp\/v2\/media?parent=49"}],"curies":[{"name":"wp","href":"https:\/\/api.w.org\/{rel}","templated":true}]}}