{"id":6257,"date":"2025-02-10T08:04:32","date_gmt":"2025-02-10T08:04:32","guid":{"rendered":"https:\/\/demo.casethemes.net\/garseo\/?page_id=6257"},"modified":"2025-06-11T14:08:26","modified_gmt":"2025-06-11T11:08:26","slug":"faq","status":"publish","type":"page","link":"https:\/\/www.mertyildizdijital.com.tr\/en\/faq\/","title":{"rendered":"FAQ"},"content":{"rendered":"<div data-elementor-type=\"wp-page\" data-elementor-id=\"6257\" class=\"elementor elementor-6257\">\n\t\t\t\t<div class=\"elementor-element elementor-element-07c10c8 e-flex e-con-boxed e-con e-parent\" data-id=\"07c10c8\" data-element_type=\"container\" data-settings=\"{&quot;background_background&quot;:&quot;classic&quot;}\">\t\t\t<div class=\"e-con-inner\">\r\n\t\t<div class=\"elementor-element elementor-element-89afef8 e-flex e-con-boxed e-con e-child\" data-id=\"89afef8\" data-element_type=\"container\" data-settings=\"{&quot;background_background&quot;:&quot;classic&quot;}\">\t\t\t<div class=\"e-con-inner\">\r\n\t\t\t\t<div class=\"elementor-element elementor-element-f487fef elementor-widget__width-auto elementor-absolute elementor-invisible elementor-widget elementor-widget-pxl_image\" data-id=\"f487fef\" data-element_type=\"widget\" data-settings=\"{&quot;_position&quot;:&quot;absolute&quot;,&quot;_animation&quot;:&quot;zoomIn&quot;,&quot;_animation_delay&quot;:200}\" data-widget_type=\"pxl_image.default\">\n\t\t\t\t<div class=\"elementor-widget-container\">\n\t\t\t\t\t<div id=\"pxl_image-f487fef-4776\" class=\"pxl-image-single  pxl-disable-parallax-sm pxl-hide-sr-lg pxl-parallax-scroll\" data-wow-delay=\"ms\"  data-parallax='{\"y\":80}'>\r\n    <div class=\"pxl-item--inner\" data-wow-delay=\"120ms\">\r\n        \r\n                    <div class=\"pxl-item--image\" data-parallax-value=\"\">\r\n                                <img decoding=\"async\" width=\"116\" height=\"116\" src=\"https:\/\/www.mertyildizdijital.com.tr\/wp-content\/uploads\/2025\/02\/ptt-2.webp\" class=\"no-lazyload attachment-full\" alt=\"\" \/>                            <\/div>\r\n                \r\n    <\/div>\r\n<\/div>\t\t\t\t<\/div>\n\t\t\t\t<\/div>\n\t\t\t\t<div class=\"elementor-element elementor-element-38b9508 elementor-widget__width-auto elementor-absolute elementor-widget-mobile__width-initial elementor-invisible elementor-widget elementor-widget-pxl_image\" data-id=\"38b9508\" data-element_type=\"widget\" data-settings=\"{&quot;_position&quot;:&quot;absolute&quot;,&quot;_animation&quot;:&quot;zoomIn&quot;,&quot;_animation_delay&quot;:300}\" data-widget_type=\"pxl_image.default\">\n\t\t\t\t<div class=\"elementor-widget-container\">\n\t\t\t\t\t<div id=\"pxl_image-38b9508-8410\" class=\"pxl-image-single  pxl-disable-parallax-sm pxl-hide-sr-lg pxl-animation-round\" data-wow-delay=\"ms\"  >\r\n    <div class=\"pxl-item--inner\" data-wow-delay=\"120ms\">\r\n        \r\n                    <div class=\"pxl-item--image\" data-parallax-value=\"\">\r\n                                <img decoding=\"async\" width=\"218\" height=\"218\" src=\"https:\/\/www.mertyildizdijital.com.tr\/wp-content\/uploads\/2024\/11\/h1-3.webp\" class=\"no-lazyload attachment-full\" alt=\"\" \/>                            <\/div>\r\n                \r\n    <\/div>\r\n<\/div>\t\t\t\t<\/div>\n\t\t\t\t<\/div>\n\t\t<div class=\"elementor-element elementor-element-dc0fdc2 e-con-full e-flex e-con e-child\" data-id=\"dc0fdc2\" data-element_type=\"container\">\t\t<div class=\"elementor-element elementor-element-29e35f9 elementor-widget elementor-widget-pxl_heading\" data-id=\"29e35f9\" data-element_type=\"widget\" data-widget_type=\"pxl_heading.default\">\n\t\t\t\t<div class=\"elementor-widget-container\">\n\t\t\t\t\t\n<div id=\"pxl-pxl_heading-29e35f9-9365\" class=\"pxl-heading px-sub-title-default-style\">\n\t<div class=\"pxl-heading--inner\">\n\t\t\n\t\t<h3 class=\"pxl-item--title style-default color  highlight-default\" data-wow-delay=\"ms\">\n\t\t\t\t\tMerak Edilen Sorular\t\n\t\t\t\n\t\t<\/h3>\n\t\t\n\t<\/div>\n<\/div>\t\t\t\t<\/div>\n\t\t\t\t<\/div>\n\t\t\t\t<div class=\"elementor-element elementor-element-ffa4b61 elementor-widget elementor-widget-pxl_breadcrumb\" data-id=\"ffa4b61\" data-element_type=\"widget\" data-widget_type=\"pxl_breadcrumb.default\">\n\t\t\t\t<div class=\"elementor-widget-container\">\n\t\t\t\t\t<div class=\"pxl-breadcrumb-wrap\">\n\t<ul class=\"pxl-breadcrumb\"><li><span class=\"breadcrumb-entry\">Digital Marketing Specialist Mert Y\u0131ld\u0131z<\/span><\/li><\/ul><\/div>\t\t\t\t<\/div>\n\t\t\t\t<\/div>\n\t\t\t\t<\/div>\r\n\t\t<div class=\"elementor-element elementor-element-bb951ed e-con-full e-flex e-con e-child\" data-id=\"bb951ed\" data-element_type=\"container\">\t\t<div class=\"elementor-element elementor-element-7a47047 elementor-widget elementor-widget-pxl_text_editor\" data-id=\"7a47047\" data-element_type=\"widget\" data-widget_type=\"pxl_text_editor.default\">\n\t\t\t\t<div class=\"elementor-widget-container\">\n\t\t\t\t\t<div class=\"pxl-text-editor default\">\n\t<div class=\"pxl-item--inner\" data-wow-delay=\"ms\">\n\t\t<p>Dijital pazarlama hizmetleri hakk\u0131nda merak etti\u011finiz her \u015fey! Reklam y\u00f6netimi, SEO, i\u00e7erik pazarlamas\u0131 ve daha fazlas\u0131 i\u00e7in SSS sayfam\u0131z.<\/p>\t\t\n\t<\/div>\n<\/div>\t\t\t\t<\/div>\n\t\t\t\t<\/div>\n\t\t\t\t<\/div>\r\n\t\t\t\t\t<\/div>\r\n\t\t\t\t<\/div>\r\n\t\t\t\t\t<\/div>\r\n\t\t\t\t<\/div>\r\n\t\t<div class=\"elementor-element elementor-element-bb8253f e-flex e-con-boxed e-con e-parent\" data-id=\"bb8253f\" data-element_type=\"container\">\t\t\t<div class=\"e-con-inner\">\r\n\t\t<div class=\"elementor-element elementor-element-550e41a e-con-full e-flex e-con e-child\" data-id=\"550e41a\" data-element_type=\"container\">\t\t<div class=\"elementor-element elementor-element-d7281f7 elementor-widget elementor-widget-pxl_heading\" data-id=\"d7281f7\" data-element_type=\"widget\" data-widget_type=\"pxl_heading.default\">\n\t\t\t\t<div class=\"elementor-widget-container\">\n\t\t\t\t\t\n<div id=\"pxl-pxl_heading-d7281f7-3732\" class=\"pxl-heading px-sub-title-dot line-style\">\n\t<div class=\"pxl-heading--inner\">\n\t\t\t\t\t<div class=\"pxl-item--subtitle px-sub-title-dot line\" data-wow-delay=\"ms\">\n\t\t\t\t<span class=\"pxl-item--subtext\">\n\t\t\t\t\t\t\t\t\t\tSORULAR\t\t\t\t<\/span>\n\t\t\t<\/div>\n\t\t\n\t\t<h3 class=\"pxl-item--title style-default color  highlight-default\" data-wow-delay=\"ms\">\n\t\t\t\t\tS\u0131k\u00e7a Sorulan             <span class=\"pxl-title--highlight\">\n                Sorular            <\/span>\n         \t\n\t\t\t\n\t\t<\/h3>\n\t\t\n\t<\/div>\n<\/div>\t\t\t\t<\/div>\n\t\t\t\t<\/div>\n\t\t\t\t<\/div>\r\n\t\t<div class=\"elementor-element elementor-element-cd6d571 e-con-full e-flex e-con e-child\" data-id=\"cd6d571\" data-element_type=\"container\">\t\t<div class=\"elementor-element elementor-element-234498f elementor-widget__width-initial elementor-widget elementor-widget-pxl_accordion\" data-id=\"234498f\" data-element_type=\"widget\" data-widget_type=\"pxl_accordion.default\">\n\t\t\t\t<div class=\"elementor-widget-container\">\n\t\t\t\t\t    <div class=\"pxl-accordion pxl-accordion1 style1\" data-wow-delay=\"ms\">\r\n                    <div class=\"pxl--item  active\">\r\n\r\n                <h5 class=\"pxl-accordion--title\" data-target=\"#pxl_accordion-234498f-8701-2e501ff\">\r\n                \r\n                <span class=\"pxl-count\">\r\n                    01                <\/span>\r\n                <span class=\"pxl-title--text pxl-pr-20\">Hangi dijital pazarlama hizmetlerini sunuyorsunuz?<\/span>\r\n\r\n                                    <div class=\"pxl-icon--arrow\">\r\n                        <svg xmlns=\"http:\/\/www.w3.org\/2000\/svg\" width=\"16\" height=\"10\" viewbox=\"0 0 16 10\" fill=\"none\">\r\n                          <path d=\"M1.88 0L8 6.18084L14.12 0L16 1.90283L8 10L0 1.90283L1.88 0Z\" fill=\"#151515\"\/>\r\n                      <\/svg>\r\n                  <\/div>\r\n               \r\n              <\/h5>\r\n              <div id=\"pxl_accordion-234498f-8701-2e501ff\" class=\"pxl-accordion--content\" style=\"display: block;\">\r\n                5 y\u0131ldan fazla deneyimle dijital pazarlama stratejileri geli\u015ftirme, Meta ve Google Ads ile ulusal\/uluslararas\u0131 reklam y\u00f6netimi, i\u00e7erik pazarlamas\u0131, SEO &amp; SEM optimizasyonu ve detayl\u0131 veri analizi ile raporlama hizmetleri sunuyorum. Her projede stratejik d\u00fc\u015f\u00fcnce ve yarat\u0131c\u0131 \u00e7\u00f6z\u00fcmlerle markan\u0131z\u0131n dijital varl\u0131\u011f\u0131n\u0131 g\u00fc\u00e7lendiriyorum.            <\/div>\r\n        <\/div>\r\n                <div class=\"pxl--item\">\r\n\r\n                <h5 class=\"pxl-accordion--title\" data-target=\"#pxl_accordion-234498f-8701-2a8df08\">\r\n                \r\n                <span class=\"pxl-count\">\r\n                    02                <\/span>\r\n                <span class=\"pxl-title--text pxl-pr-20\"> Reklam b\u00fct\u00e7emi nas\u0131l belirlemeliyim?<\/span>\r\n\r\n                                    <div class=\"pxl-icon--arrow\">\r\n                        <svg xmlns=\"http:\/\/www.w3.org\/2000\/svg\" width=\"16\" height=\"10\" viewbox=\"0 0 16 10\" fill=\"none\">\r\n                          <path d=\"M1.88 0L8 6.18084L14.12 0L16 1.90283L8 10L0 1.90283L1.88 0Z\" fill=\"#151515\"\/>\r\n                      <\/svg>\r\n                  <\/div>\r\n               \r\n              <\/h5>\r\n              <div id=\"pxl_accordion-234498f-8701-2a8df08\" class=\"pxl-accordion--content\" >\r\n                Reklam b\u00fct\u00e7eniz, sekt\u00f6r\u00fcn\u00fcz, hedef kitleniz, rekabet durumu ve i\u015f hedeflerinize g\u00f6re belirlenir. \u0130lk g\u00f6r\u00fc\u015fmede i\u015fletmenizi analiz ederek optimal b\u00fct\u00e7e \u00f6nerisi sunuyorum. K\u00fc\u00e7\u00fck b\u00fct\u00e7elerle ba\u015flay\u0131p sonu\u00e7lara g\u00f6re \u00f6l\u00e7eklendirme de m\u00fcmk\u00fcn.            <\/div>\r\n        <\/div>\r\n                <div class=\"pxl--item\">\r\n\r\n                <h5 class=\"pxl-accordion--title\" data-target=\"#pxl_accordion-234498f-8701-d6f8c61\">\r\n                \r\n                <span class=\"pxl-count\">\r\n                    03                <\/span>\r\n                <span class=\"pxl-title--text pxl-pr-20\">Sonu\u00e7lar\u0131 ne kadar s\u00fcrede g\u00f6rebilirim?<\/span>\r\n\r\n                                    <div class=\"pxl-icon--arrow\">\r\n                        <svg xmlns=\"http:\/\/www.w3.org\/2000\/svg\" width=\"16\" height=\"10\" viewbox=\"0 0 16 10\" fill=\"none\">\r\n                          <path d=\"M1.88 0L8 6.18084L14.12 0L16 1.90283L8 10L0 1.90283L1.88 0Z\" fill=\"#151515\"\/>\r\n                      <\/svg>\r\n                  <\/div>\r\n               \r\n              <\/h5>\r\n              <div id=\"pxl_accordion-234498f-8701-d6f8c61\" class=\"pxl-accordion--content\" >\r\n                SEO \u00e7al\u0131\u015fmalar\u0131nda 3-6 ay, Google ve Meta Ads kampanyalar\u0131nda ise 1-2 hafta i\u00e7inde ilk sonu\u00e7lar g\u00f6r\u00fclmeye ba\u015flar. Detayl\u0131 analiz ve optimizasyon s\u00fcre\u00e7leri devam ederken, ayl\u0131k raporlarla performans\u0131 takip edebilirsiniz.            <\/div>\r\n        <\/div>\r\n                <div class=\"pxl--item\">\r\n\r\n                <h5 class=\"pxl-accordion--title\" data-target=\"#pxl_accordion-234498f-8701-809b995\">\r\n                \r\n                <span class=\"pxl-count\">\r\n                    04                <\/span>\r\n                <span class=\"pxl-title--text pxl-pr-20\">Hangi sekt\u00f6rlerle \u00e7al\u0131\u015f\u0131yorsunuz?<\/span>\r\n\r\n                                    <div class=\"pxl-icon--arrow\">\r\n                        <svg xmlns=\"http:\/\/www.w3.org\/2000\/svg\" width=\"16\" height=\"10\" viewbox=\"0 0 16 10\" fill=\"none\">\r\n                          <path d=\"M1.88 0L8 6.18084L14.12 0L16 1.90283L8 10L0 1.90283L1.88 0Z\" fill=\"#151515\"\/>\r\n                      <\/svg>\r\n                  <\/div>\r\n               \r\n              <\/h5>\r\n              <div id=\"pxl_accordion-234498f-8701-809b995\" class=\"pxl-accordion--content\" >\r\n                E-ticaret, hizmet sekt\u00f6r\u00fc, teknoloji, sa\u011fl\u0131k, e\u011fitim, turizm gibi \u00e7e\u015fitli sekt\u00f6rlerden deneyimim var. Her sekt\u00f6r\u00fcn kendine \u00f6zg\u00fc dinamiklerini anlayarak \u00f6zelle\u015ftirilmi\u015f stratejiler geli\u015ftiriyorum.            <\/div>\r\n        <\/div>\r\n                <div class=\"pxl--item\">\r\n\r\n                <h5 class=\"pxl-accordion--title\" data-target=\"#pxl_accordion-234498f-8701-d7b8a55\">\r\n                \r\n                <span class=\"pxl-count\">\r\n                    05                <\/span>\r\n                <span class=\"pxl-title--text pxl-pr-20\">Fiyatland\u0131rman\u0131z nas\u0131l \u00e7al\u0131\u015f\u0131yor?<\/span>\r\n\r\n                                    <div class=\"pxl-icon--arrow\">\r\n                        <svg xmlns=\"http:\/\/www.w3.org\/2000\/svg\" width=\"16\" height=\"10\" viewbox=\"0 0 16 10\" fill=\"none\">\r\n                          <path d=\"M1.88 0L8 6.18084L14.12 0L16 1.90283L8 10L0 1.90283L1.88 0Z\" fill=\"#151515\"\/>\r\n                      <\/svg>\r\n                  <\/div>\r\n               \r\n              <\/h5>\r\n              <div id=\"pxl_accordion-234498f-8701-d7b8a55\" class=\"pxl-accordion--content\" >\r\n                \u015eirketim \u00fczerinden fatura kesiyorum ve kredi kart\u0131 ile \u00f6deme kabul ediyorum. Fiyatland\u0131rma, proje kapsam\u0131, s\u00fcre ve karma\u015f\u0131kl\u0131\u011fa g\u00f6re belirlenir. \u0130lk kons\u00fcltasyonda ihtiya\u00e7lar\u0131n\u0131z\u0131 de\u011ferlendirerek \u015feffaf bir teklif sunuyorum.            <\/div>\r\n        <\/div>\r\n                <div class=\"pxl--item\">\r\n\r\n                <h5 class=\"pxl-accordion--title\" data-target=\"#pxl_accordion-234498f-8701-6ee8375\">\r\n                \r\n                <span class=\"pxl-count\">\r\n                    06                <\/span>\r\n                <span class=\"pxl-title--text pxl-pr-20\">Raporlama s\u00fcreci nas\u0131l i\u015fliyor?<\/span>\r\n\r\n                                    <div class=\"pxl-icon--arrow\">\r\n                        <svg xmlns=\"http:\/\/www.w3.org\/2000\/svg\" width=\"16\" height=\"10\" viewbox=\"0 0 16 10\" fill=\"none\">\r\n                          <path d=\"M1.88 0L8 6.18084L14.12 0L16 1.90283L8 10L0 1.90283L1.88 0Z\" fill=\"#151515\"\/>\r\n                      <\/svg>\r\n                  <\/div>\r\n               \r\n              <\/h5>\r\n              <div id=\"pxl_accordion-234498f-8701-6ee8375\" class=\"pxl-accordion--content\" >\r\n                Ayl\u0131k detayl\u0131 performans raporlar\u0131 haz\u0131rl\u0131yorum. Bu raporlarda trafik, d\u00f6n\u00fc\u015f\u00fcm oranlar\u0131, ROI, anahtar kelime performanslar\u0131 ve rekabet analizi yer al\u0131r. D\u00fczenli toplant\u0131larla stratejileri g\u00f6zden ge\u00e7irir ve optimize ederiz.            <\/div>\r\n        <\/div>\r\n                <div class=\"pxl--item\">\r\n\r\n                <h5 class=\"pxl-accordion--title\" data-target=\"#pxl_accordion-234498f-8701-1bf1b81\">\r\n                \r\n                <span class=\"pxl-count\">\r\n                    07                <\/span>\r\n                <span class=\"pxl-title--text pxl-pr-20\">SEO \u00e7al\u0131\u015fmalar\u0131n\u0131z neler i\u00e7eriyor?<\/span>\r\n\r\n                                    <div class=\"pxl-icon--arrow\">\r\n                        <svg xmlns=\"http:\/\/www.w3.org\/2000\/svg\" width=\"16\" height=\"10\" viewbox=\"0 0 16 10\" fill=\"none\">\r\n                          <path d=\"M1.88 0L8 6.18084L14.12 0L16 1.90283L8 10L0 1.90283L1.88 0Z\" fill=\"#151515\"\/>\r\n                      <\/svg>\r\n                  <\/div>\r\n               \r\n              <\/h5>\r\n              <div id=\"pxl_accordion-234498f-8701-1bf1b81\" class=\"pxl-accordion--content\" >\r\n                Teknik SEO analizi, anahtar kelime ara\u015ft\u0131rmas\u0131, i\u00e7erik optimizasyonu, link building stratejileri, yerel SEO (gerekirse), site h\u0131z\u0131 optimizasyonu ve Google Analytics\/Search Console kurulumu gibi kapsaml\u0131 hizmetler sunuyorum.            <\/div>\r\n        <\/div>\r\n                <div class=\"pxl--item\">\r\n\r\n                <h5 class=\"pxl-accordion--title\" data-target=\"#pxl_accordion-234498f-8701-3512108\">\r\n                \r\n                <span class=\"pxl-count\">\r\n                    08                <\/span>\r\n                <span class=\"pxl-title--text pxl-pr-20\">Sosyal medya reklamlar\u0131 i\u00e7in hangi platformlar\u0131 kullan\u0131yorsunuz?<\/span>\r\n\r\n                                    <div class=\"pxl-icon--arrow\">\r\n                        <svg xmlns=\"http:\/\/www.w3.org\/2000\/svg\" width=\"16\" height=\"10\" viewbox=\"0 0 16 10\" fill=\"none\">\r\n                          <path d=\"M1.88 0L8 6.18084L14.12 0L16 1.90283L8 10L0 1.90283L1.88 0Z\" fill=\"#151515\"\/>\r\n                      <\/svg>\r\n                  <\/div>\r\n               \r\n              <\/h5>\r\n              <div id=\"pxl_accordion-234498f-8701-3512108\" class=\"pxl-accordion--content\" >\r\n                \u00d6ncelikle Meta (Facebook &amp; Instagram) ve Google Ads \u00fczerinde uzman\u0131m. Hedef kitleniz ve sekt\u00f6r\u00fcn\u00fcze g\u00f6re LinkedIn, YouTube, TikTok gibi di\u011fer platformlar i\u00e7in de strateji geli\u015ftirebilirim.            <\/div>\r\n        <\/div>\r\n                <div class=\"pxl--item\">\r\n\r\n                <h5 class=\"pxl-accordion--title\" data-target=\"#pxl_accordion-234498f-8701-69f8a68\">\r\n                \r\n                <span class=\"pxl-count\">\r\n                    09                <\/span>\r\n                <span class=\"pxl-title--text pxl-pr-20\">\u0130\u00e7erik pazarlamas\u0131 hizmetiniz neleri kaps\u0131yor?<\/span>\r\n\r\n                                    <div class=\"pxl-icon--arrow\">\r\n                        <svg xmlns=\"http:\/\/www.w3.org\/2000\/svg\" width=\"16\" height=\"10\" viewbox=\"0 0 16 10\" fill=\"none\">\r\n                          <path d=\"M1.88 0L8 6.18084L14.12 0L16 1.90283L8 10L0 1.90283L1.88 0Z\" fill=\"#151515\"\/>\r\n                      <\/svg>\r\n                  <\/div>\r\n               \r\n              <\/h5>\r\n              <div id=\"pxl_accordion-234498f-8701-69f8a68\" class=\"pxl-accordion--content\" >\r\n                \u0130\u00e7erik stratejisi geli\u015ftirme, blog yaz\u0131lar\u0131, sosyal medya i\u00e7erikleri, g\u00f6rsel tasar\u0131m koordinasyonu, video i\u00e7erik planlamas\u0131 ve i\u00e7erik takvimi olu\u015fturma hizmetleri veriyorum. Marka kimli\u011finize uygun, hedef kitleyi etkileyen i\u00e7erikler \u00fcretiyoruz.            <\/div>\r\n        <\/div>\r\n                <div class=\"pxl--item\">\r\n\r\n                <h5 class=\"pxl-accordion--title\" data-target=\"#pxl_accordion-234498f-8701-38ce74c\">\r\n                \r\n                <span class=\"pxl-count\">\r\n                    10                <\/span>\r\n                <span class=\"pxl-title--text pxl-pr-20\">Uluslararas\u0131 pazarlarda reklam verme deneyiminiz var m\u0131?<\/span>\r\n\r\n                                    <div class=\"pxl-icon--arrow\">\r\n                        <svg xmlns=\"http:\/\/www.w3.org\/2000\/svg\" width=\"16\" height=\"10\" viewbox=\"0 0 16 10\" fill=\"none\">\r\n                          <path d=\"M1.88 0L8 6.18084L14.12 0L16 1.90283L8 10L0 1.90283L1.88 0Z\" fill=\"#151515\"\/>\r\n                      <\/svg>\r\n                  <\/div>\r\n               \r\n              <\/h5>\r\n              <div id=\"pxl_accordion-234498f-8701-38ce74c\" class=\"pxl-accordion--content\" >\r\n                Evet, farkl\u0131 \u00fclkelerde Meta ve Google Ads kampanyalar\u0131 y\u00f6netme deneyimim bulunuyor. Yerel pazar dinamiklerini ara\u015ft\u0131rarak, k\u00fclt\u00fcrel farkl\u0131l\u0131klar\u0131 g\u00f6z \u00f6n\u00fcnde bulundurarak etkili uluslararas\u0131 kampanyalar tasarl\u0131yorum.            <\/div>\r\n        <\/div>\r\n    <\/div>\r\n\t\t\t\t<\/div>\n\t\t\t\t<\/div>\n\t\t\t\t<\/div>\r\n\t\t\t\t\t<\/div>\r\n\t\t\t\t<\/div>\r\n\t\t\t\t<\/div>","protected":false},"excerpt":{"rendered":"<p>Merak Edilen Sorular Dijital Pazarlama Uzman\u0131 Mert Y\u0131ld\u0131z Dijital pazarlama hizmetleri hakk\u0131nda merak etti\u011finiz her \u015fey! Reklam y\u00f6netimi, SEO, i\u00e7erik pazarlamas\u0131 ve daha fazlas\u0131 i\u00e7in SSS sayfam\u0131z. SORULAR S\u0131k\u00e7a Sorulan Sorular 01 Hangi dijital pazarlama hizmetlerini sunuyorsunuz? 5 y\u0131ldan fazla deneyimle dijital pazarlama stratejileri geli\u015ftirme, Meta ve Google Ads ile ulusal\/uluslararas\u0131 reklam y\u00f6netimi, i\u00e7erik pazarlamas\u0131, [&hellip;]<\/p>\n","protected":false},"author":1,"featured_media":0,"parent":0,"menu_order":0,"comment_status":"closed","ping_status":"closed","template":"","meta":{"footnotes":""},"class_list":["post-6257","page","type-page","status-publish","hentry"],"_links":{"self":[{"href":"https:\/\/www.mertyildizdijital.com.tr\/en\/wp-json\/wp\/v2\/pages\/6257","targetHints":{"allow":["GET"]}}],"collection":[{"href":"https:\/\/www.mertyildizdijital.com.tr\/en\/wp-json\/wp\/v2\/pages"}],"about":[{"href":"https:\/\/www.mertyildizdijital.com.tr\/en\/wp-json\/wp\/v2\/types\/page"}],"author":[{"embeddable":true,"href":"https:\/\/www.mertyildizdijital.com.tr\/en\/wp-json\/wp\/v2\/users\/1"}],"replies":[{"embeddable":true,"href":"https:\/\/www.mertyildizdijital.com.tr\/en\/wp-json\/wp\/v2\/comments?post=6257"}],"version-history":[{"count":6,"href":"https:\/\/www.mertyildizdijital.com.tr\/en\/wp-json\/wp\/v2\/pages\/6257\/revisions"}],"predecessor-version":[{"id":9488,"href":"https:\/\/www.mertyildizdijital.com.tr\/en\/wp-json\/wp\/v2\/pages\/6257\/revisions\/9488"}],"wp:attachment":[{"href":"https:\/\/www.mertyildizdijital.com.tr\/en\/wp-json\/wp\/v2\/media?parent=6257"}],"curies":[{"name":"wp","href":"https:\/\/api.w.org\/{rel}","templated":true}]}}